{"id":1710,"date":"2021-04-19T12:41:48","date_gmt":"2021-04-19T15:41:48","guid":{"rendered":"https:\/\/www.ambienteyterritorio.cl\/web\/?page_id=1710"},"modified":"2024-05-14T10:36:20","modified_gmt":"2024-05-14T13:36:20","slug":"corporacion","status":"publish","type":"page","link":"https:\/\/www.ambienteyterritorio.cl\/web\/corporacion\/","title":{"rendered":"Fundaci\u00f3n"},"content":{"rendered":"\t\t<div data-elementor-type=\"wp-page\" data-elementor-id=\"1710\" class=\"elementor elementor-1710\">\n\t\t\t\t\t\t<section class=\"elementor-section elementor-top-section elementor-element elementor-element-289edde elementor-section-boxed elementor-section-height-default elementor-section-height-default\" data-id=\"289edde\" data-element_type=\"section\" data-e-type=\"section\" data-settings=\"{&quot;background_background&quot;:&quot;classic&quot;}\">\n\t\t\t\t\t\t\t<div class=\"elementor-background-overlay\"><\/div>\n\t\t\t\t\t\t\t<div class=\"elementor-container elementor-column-gap-default\">\n\t\t\t\t\t<div class=\"elementor-column elementor-col-100 elementor-top-column elementor-element elementor-element-3ece484\" data-id=\"3ece484\" data-element_type=\"column\" data-e-type=\"column\">\n\t\t\t<div class=\"elementor-widget-wrap elementor-element-populated\">\n\t\t\t\t\t\t<div class=\"elementor-element elementor-element-3c8dea5 animated-slow elementor-invisible elementor-widget elementor-widget-heading\" data-id=\"3c8dea5\" data-element_type=\"widget\" data-e-type=\"widget\" data-settings=\"{&quot;_animation&quot;:&quot;fadeIn&quot;}\" data-widget_type=\"heading.default\">\n\t\t\t\t<div class=\"elementor-widget-container\">\n\t\t\t\t\t<h2 class=\"elementor-heading-title elementor-size-default\">FUNDACI\u00d3N AMBYTER<\/h2>\t\t\t\t<\/div>\n\t\t\t\t<\/div>\n\t\t\t\t\t<\/div>\n\t\t<\/div>\n\t\t\t\t\t<\/div>\n\t\t<\/section>\n\t\t\t\t<section class=\"elementor-section elementor-top-section elementor-element elementor-element-b43ce5e elementor-section-boxed elementor-section-height-default elementor-section-height-default\" data-id=\"b43ce5e\" data-element_type=\"section\" data-e-type=\"section\" data-settings=\"{&quot;background_background&quot;:&quot;classic&quot;}\">\n\t\t\t\t\t\t<div class=\"elementor-container elementor-column-gap-default\">\n\t\t\t\t\t<div class=\"elementor-column elementor-col-100 elementor-top-column elementor-element elementor-element-25163bb\" data-id=\"25163bb\" data-element_type=\"column\" data-e-type=\"column\">\n\t\t\t<div class=\"elementor-widget-wrap elementor-element-populated\">\n\t\t\t\t\t\t<section class=\"elementor-section elementor-inner-section elementor-element elementor-element-d09c9c8 elementor-section-boxed elementor-section-height-default elementor-section-height-default\" data-id=\"d09c9c8\" data-element_type=\"section\" data-e-type=\"section\">\n\t\t\t\t\t\t<div class=\"elementor-container elementor-column-gap-default\">\n\t\t\t\t\t<div class=\"elementor-column elementor-col-50 elementor-inner-column elementor-element elementor-element-e4de3e2\" data-id=\"e4de3e2\" data-element_type=\"column\" data-e-type=\"column\">\n\t\t\t<div class=\"elementor-widget-wrap elementor-element-populated\">\n\t\t\t\t\t\t<div class=\"elementor-element elementor-element-fa904c2 elementor-widget elementor-widget-image\" data-id=\"fa904c2\" data-element_type=\"widget\" data-e-type=\"widget\" data-widget_type=\"image.default\">\n\t\t\t\t<div class=\"elementor-widget-container\">\n\t\t\t\t\t\t\t\t\t\t\t\t\t\t\t<img fetchpriority=\"high\" decoding=\"async\" width=\"1024\" height=\"768\" src=\"https:\/\/www.ambienteyterritorio.cl\/web\/wp-content\/uploads\/2019\/02\/ambyter-buill-1024x768.jpeg\" class=\"attachment-large size-large wp-image-690\" alt=\"ambyter-buill\" srcset=\"https:\/\/www.ambienteyterritorio.cl\/web\/wp-content\/uploads\/2019\/02\/ambyter-buill-1024x768.jpeg 1024w, https:\/\/www.ambienteyterritorio.cl\/web\/wp-content\/uploads\/2019\/02\/ambyter-buill-600x450.jpeg 600w, https:\/\/www.ambienteyterritorio.cl\/web\/wp-content\/uploads\/2019\/02\/ambyter-buill-300x225.jpeg 300w, https:\/\/www.ambienteyterritorio.cl\/web\/wp-content\/uploads\/2019\/02\/ambyter-buill-768x576.jpeg 768w, https:\/\/www.ambienteyterritorio.cl\/web\/wp-content\/uploads\/2019\/02\/ambyter-buill.jpeg 1280w\" sizes=\"(max-width: 1024px) 100vw, 1024px\" \/>\t\t\t\t\t\t\t\t\t\t\t\t\t\t\t<\/div>\n\t\t\t\t<\/div>\n\t\t\t\t\t<\/div>\n\t\t<\/div>\n\t\t\t\t<div class=\"elementor-column elementor-col-50 elementor-inner-column elementor-element elementor-element-6ab6f8b\" data-id=\"6ab6f8b\" data-element_type=\"column\" data-e-type=\"column\">\n\t\t\t<div class=\"elementor-widget-wrap elementor-element-populated\">\n\t\t\t\t\t\t<div class=\"elementor-element elementor-element-b71a0a8 elementor-widget elementor-widget-heading\" data-id=\"b71a0a8\" data-element_type=\"widget\" data-e-type=\"widget\" data-widget_type=\"heading.default\">\n\t\t\t\t<div class=\"elementor-widget-container\">\n\t\t\t\t\t<h2 class=\"elementor-heading-title elementor-size-default\">Nuestra Fundaci\u00f3n<\/h2>\t\t\t\t<\/div>\n\t\t\t\t<\/div>\n\t\t\t\t<div class=\"elementor-element elementor-element-f6bb0b0 elementor-widget elementor-widget-text-editor\" data-id=\"f6bb0b0\" data-element_type=\"widget\" data-e-type=\"widget\" data-widget_type=\"text-editor.default\">\n\t\t\t\t<div class=\"elementor-widget-container\">\n\t\t\t\t\t\t\t\t\t<p>Corporaci\u00f3n Ambyter nace de la necesidad de generar proyectos al servicio de las comunidades locales, aprovechando nuestra experiencia y vinculaci\u00f3n con las necesidades de diferentes organizaciones y personas que buscan conservar su territorio, adem\u00e1s de aprovechar nuestras diferentes capacidades t\u00e9cnicas para innovar y fortalecer iniciativas de conservaci\u00f3n y eduaci\u00f3n ambiental.<\/p>\t\t\t\t\t\t\t\t<\/div>\n\t\t\t\t<\/div>\n\t\t\t\t\t<\/div>\n\t\t<\/div>\n\t\t\t\t\t<\/div>\n\t\t<\/section>\n\t\t\t\t\t<\/div>\n\t\t<\/div>\n\t\t\t\t\t<\/div>\n\t\t<\/section>\n\t\t\t\t<section class=\"elementor-section elementor-top-section elementor-element elementor-element-3fbd4ab elementor-section-boxed elementor-section-height-default elementor-section-height-default\" data-id=\"3fbd4ab\" data-element_type=\"section\" data-e-type=\"section\">\n\t\t\t\t\t\t<div class=\"elementor-container elementor-column-gap-default\">\n\t\t\t\t\t<div class=\"elementor-column elementor-col-33 elementor-top-column elementor-element elementor-element-2775b27\" data-id=\"2775b27\" data-element_type=\"column\" data-e-type=\"column\">\n\t\t\t<div class=\"elementor-widget-wrap elementor-element-populated\">\n\t\t\t\t\t\t<div class=\"elementor-element elementor-element-b90b562 elementor-widget elementor-widget-heading\" data-id=\"b90b562\" data-element_type=\"widget\" data-e-type=\"widget\" data-widget_type=\"heading.default\">\n\t\t\t\t<div class=\"elementor-widget-container\">\n\t\t\t\t\t<h2 class=\"elementor-heading-title elementor-size-default\">Nuestra Visi\u00f3n<\/h2>\t\t\t\t<\/div>\n\t\t\t\t<\/div>\n\t\t\t\t<div class=\"elementor-element elementor-element-715988e elementor-widget elementor-widget-text-editor\" data-id=\"715988e\" data-element_type=\"widget\" data-e-type=\"widget\" data-widget_type=\"text-editor.default\">\n\t\t\t\t<div class=\"elementor-widget-container\">\n\t\t\t\t\t\t\t\t\t<p>Corporaci\u00f3n Ambyter busca ser referente como organizaci\u00f3n l\u00edder y consolidada en materia socio \u2013 ambiental, comprometida con estimular la participaci\u00f3n efectiva de las personas en la conservaci\u00f3n y cuidado del medio ambiente, apoyando y liderando oportunidades y proyectos innovadores, disponiendo de las mejores capacidades profesionales altamente comprometidos con nuestra Misi\u00f3n, la responsabilidad ambiental, la equidad social, la educaci\u00f3n ambiental.<\/p>\t\t\t\t\t\t\t\t<\/div>\n\t\t\t\t<\/div>\n\t\t\t\t\t<\/div>\n\t\t<\/div>\n\t\t\t\t<div class=\"elementor-column elementor-col-33 elementor-top-column elementor-element elementor-element-1f33632\" data-id=\"1f33632\" data-element_type=\"column\" data-e-type=\"column\">\n\t\t\t<div class=\"elementor-widget-wrap elementor-element-populated\">\n\t\t\t\t\t\t<div class=\"elementor-element elementor-element-5c9b54b elementor-widget elementor-widget-heading\" data-id=\"5c9b54b\" data-element_type=\"widget\" data-e-type=\"widget\" data-widget_type=\"heading.default\">\n\t\t\t\t<div class=\"elementor-widget-container\">\n\t\t\t\t\t<h2 class=\"elementor-heading-title elementor-size-default\">Nuestra Misi\u00f3n<\/h2>\t\t\t\t<\/div>\n\t\t\t\t<\/div>\n\t\t\t\t<section class=\"elementor-section elementor-inner-section elementor-element elementor-element-d80d826 elementor-section-boxed elementor-section-height-default elementor-section-height-default\" data-id=\"d80d826\" data-element_type=\"section\" data-e-type=\"section\">\n\t\t\t\t\t\t<div class=\"elementor-container elementor-column-gap-no\">\n\t\t\t\t\t<div class=\"elementor-column elementor-col-100 elementor-inner-column elementor-element elementor-element-f246320\" data-id=\"f246320\" data-element_type=\"column\" data-e-type=\"column\">\n\t\t\t<div class=\"elementor-widget-wrap elementor-element-populated\">\n\t\t\t\t\t\t<div class=\"elementor-element elementor-element-04dba68 elementor-widget elementor-widget-text-editor\" data-id=\"04dba68\" data-element_type=\"widget\" data-e-type=\"widget\" data-widget_type=\"text-editor.default\">\n\t\t\t\t<div class=\"elementor-widget-container\">\n\t\t\t\t\t\t\t\t\t<p>Revolucionar la relaci\u00f3n entre los diferentes actores que comparten el territorio promoviendo el crecimiento sostenible.<\/p>\t\t\t\t\t\t\t\t<\/div>\n\t\t\t\t<\/div>\n\t\t\t\t\t<\/div>\n\t\t<\/div>\n\t\t\t\t\t<\/div>\n\t\t<\/section>\n\t\t\t\t\t<\/div>\n\t\t<\/div>\n\t\t\t\t<div class=\"elementor-column elementor-col-33 elementor-top-column elementor-element elementor-element-9599b3b\" data-id=\"9599b3b\" data-element_type=\"column\" data-e-type=\"column\">\n\t\t\t<div class=\"elementor-widget-wrap elementor-element-populated\">\n\t\t\t\t\t\t<div class=\"elementor-element elementor-element-a2f183b elementor-widget elementor-widget-image\" data-id=\"a2f183b\" data-element_type=\"widget\" data-e-type=\"widget\" data-widget_type=\"image.default\">\n\t\t\t\t<div class=\"elementor-widget-container\">\n\t\t\t\t\t\t\t\t\t\t\t\t\t\t\t<img decoding=\"async\" width=\"604\" height=\"437\" src=\"https:\/\/www.ambienteyterritorio.cl\/web\/wp-content\/uploads\/2021\/04\/fundadores.jpg\" class=\"attachment-large size-large wp-image-1855\" alt=\"\" srcset=\"https:\/\/www.ambienteyterritorio.cl\/web\/wp-content\/uploads\/2021\/04\/fundadores.jpg 604w, https:\/\/www.ambienteyterritorio.cl\/web\/wp-content\/uploads\/2021\/04\/fundadores-600x434.jpg 600w, https:\/\/www.ambienteyterritorio.cl\/web\/wp-content\/uploads\/2021\/04\/fundadores-300x217.jpg 300w\" sizes=\"(max-width: 604px) 100vw, 604px\" \/>\t\t\t\t\t\t\t\t\t\t\t\t\t\t\t<\/div>\n\t\t\t\t<\/div>\n\t\t\t\t\t<\/div>\n\t\t<\/div>\n\t\t\t\t\t<\/div>\n\t\t<\/section>\n\t\t\t\t<section class=\"elementor-section elementor-top-section elementor-element elementor-element-9ed405c elementor-section-boxed elementor-section-height-default elementor-section-height-default\" data-id=\"9ed405c\" data-element_type=\"section\" data-e-type=\"section\" data-settings=\"{&quot;background_background&quot;:&quot;classic&quot;}\">\n\t\t\t\t\t\t<div class=\"elementor-container elementor-column-gap-default\">\n\t\t\t\t\t<div class=\"elementor-column elementor-col-100 elementor-top-column elementor-element elementor-element-508566f\" data-id=\"508566f\" data-element_type=\"column\" data-e-type=\"column\">\n\t\t\t<div class=\"elementor-widget-wrap elementor-element-populated\">\n\t\t\t\t\t\t<div class=\"elementor-element elementor-element-86dc54b elementor-widget elementor-widget-heading\" data-id=\"86dc54b\" data-element_type=\"widget\" data-e-type=\"widget\" data-widget_type=\"heading.default\">\n\t\t\t\t<div class=\"elementor-widget-container\">\n\t\t\t\t\t<h2 class=\"elementor-heading-title elementor-size-default\">Nuestros Valores<\/h2>\t\t\t\t<\/div>\n\t\t\t\t<\/div>\n\t\t\t\t<section class=\"elementor-section elementor-inner-section elementor-element elementor-element-5fd4bd2 elementor-section-boxed elementor-section-height-default elementor-section-height-default\" data-id=\"5fd4bd2\" data-element_type=\"section\" data-e-type=\"section\">\n\t\t\t\t\t\t<div class=\"elementor-container elementor-column-gap-default\">\n\t\t\t\t\t<div class=\"elementor-column elementor-col-25 elementor-inner-column elementor-element elementor-element-c426c8d\" data-id=\"c426c8d\" data-element_type=\"column\" data-e-type=\"column\">\n\t\t\t<div class=\"elementor-widget-wrap elementor-element-populated\">\n\t\t\t\t\t\t<div class=\"elementor-element elementor-element-9e09c6c elementor-drop-cap-yes elementor-drop-cap-view-default elementor-widget elementor-widget-text-editor\" data-id=\"9e09c6c\" data-element_type=\"widget\" data-e-type=\"widget\" data-settings=\"{&quot;drop_cap&quot;:&quot;yes&quot;}\" data-widget_type=\"text-editor.default\">\n\t\t\t\t<div class=\"elementor-widget-container\">\n\t\t\t\t\t\t\t\t\t<p>1<strong>Transparencia:<\/strong> se refleja en nuestra manera de actuar y en la gesti\u00f3n de nuestras iniciativas, consideramos integridad, apertura y rendici\u00f3n de cuentas p\u00fablicas.<\/p>\t\t\t\t\t\t\t\t<\/div>\n\t\t\t\t<\/div>\n\t\t\t\t\t<\/div>\n\t\t<\/div>\n\t\t\t\t<div class=\"elementor-column elementor-col-25 elementor-inner-column elementor-element elementor-element-8714f97\" data-id=\"8714f97\" data-element_type=\"column\" data-e-type=\"column\">\n\t\t\t<div class=\"elementor-widget-wrap elementor-element-populated\">\n\t\t\t\t\t\t<div class=\"elementor-element elementor-element-cb302e1 elementor-drop-cap-yes elementor-drop-cap-view-default elementor-widget elementor-widget-text-editor\" data-id=\"cb302e1\" data-element_type=\"widget\" data-e-type=\"widget\" data-settings=\"{&quot;drop_cap&quot;:&quot;yes&quot;}\" data-widget_type=\"text-editor.default\">\n\t\t\t\t<div class=\"elementor-widget-container\">\n\t\t\t\t\t\t\t\t\t<p>2 <strong>Excelencia:<\/strong> desarrollamos nuestro trabajo profesional en equipo, con especialistas consolidados, comprometidos con su labor, proactivos, conocimiento del territorio y comportamiento \u00e9tico impecable.<\/p>\t\t\t\t\t\t\t\t<\/div>\n\t\t\t\t<\/div>\n\t\t\t\t\t<\/div>\n\t\t<\/div>\n\t\t\t\t<div class=\"elementor-column elementor-col-25 elementor-inner-column elementor-element elementor-element-952c3d9\" data-id=\"952c3d9\" data-element_type=\"column\" data-e-type=\"column\">\n\t\t\t<div class=\"elementor-widget-wrap elementor-element-populated\">\n\t\t\t\t\t\t<div class=\"elementor-element elementor-element-2c1a28f elementor-drop-cap-yes elementor-drop-cap-view-default elementor-widget elementor-widget-text-editor\" data-id=\"2c1a28f\" data-element_type=\"widget\" data-e-type=\"widget\" data-settings=\"{&quot;drop_cap&quot;:&quot;yes&quot;}\" data-widget_type=\"text-editor.default\">\n\t\t\t\t<div class=\"elementor-widget-container\">\n\t\t\t\t\t\t\t\t\t<p>3<strong>Cultura ambiental:<\/strong> nuestras acciones y asesor\u00edas fomentan el conocimiento cient\u00edfico y territorial, para lograr en diversos actores que componen la sociedad integren pr\u00e1cticas personales, colectivas y empresariales respetuosas con el medio ambiente, equidad social y de g\u00e9nero.<\/p>\t\t\t\t\t\t\t\t<\/div>\n\t\t\t\t<\/div>\n\t\t\t\t\t<\/div>\n\t\t<\/div>\n\t\t\t\t<div class=\"elementor-column elementor-col-25 elementor-inner-column elementor-element elementor-element-104fca3\" data-id=\"104fca3\" data-element_type=\"column\" data-e-type=\"column\">\n\t\t\t<div class=\"elementor-widget-wrap elementor-element-populated\">\n\t\t\t\t\t\t<div class=\"elementor-element elementor-element-cb8179d elementor-drop-cap-yes elementor-drop-cap-view-default elementor-widget elementor-widget-text-editor\" data-id=\"cb8179d\" data-element_type=\"widget\" data-e-type=\"widget\" data-settings=\"{&quot;drop_cap&quot;:&quot;yes&quot;}\" data-widget_type=\"text-editor.default\">\n\t\t\t\t<div class=\"elementor-widget-container\">\n\t\t\t\t\t\t\t\t\t<p>4<strong>Educaci\u00f3n ambiental:<\/strong> nuestras acciones y asesor\u00edas se fundamentan en los principios y valores de la educaci\u00f3n ambiental, buscamos vincular a la comunidad con su entorno, junto con facilitar y contextualizar la gesti\u00f3n y participaci\u00f3n ambiental local.<\/p>\t\t\t\t\t\t\t\t<\/div>\n\t\t\t\t<\/div>\n\t\t\t\t\t<\/div>\n\t\t<\/div>\n\t\t\t\t\t<\/div>\n\t\t<\/section>\n\t\t\t\t<div class=\"elementor-element elementor-element-be9908b elementor-widget-divider--view-line elementor-widget elementor-widget-divider\" data-id=\"be9908b\" data-element_type=\"widget\" data-e-type=\"widget\" data-widget_type=\"divider.default\">\n\t\t\t\t<div class=\"elementor-widget-container\">\n\t\t\t\t\t\t\t<div class=\"elementor-divider\">\n\t\t\t<span class=\"elementor-divider-separator\">\n\t\t\t\t\t\t<\/span>\n\t\t<\/div>\n\t\t\t\t\t\t<\/div>\n\t\t\t\t<\/div>\n\t\t\t\t<section class=\"elementor-section elementor-inner-section elementor-element elementor-element-d418411 elementor-section-boxed elementor-section-height-default elementor-section-height-default\" data-id=\"d418411\" data-element_type=\"section\" data-e-type=\"section\">\n\t\t\t\t\t\t<div class=\"elementor-container elementor-column-gap-default\">\n\t\t\t\t\t<div class=\"elementor-column elementor-col-33 elementor-inner-column elementor-element elementor-element-172344a\" data-id=\"172344a\" data-element_type=\"column\" data-e-type=\"column\">\n\t\t\t<div class=\"elementor-widget-wrap elementor-element-populated\">\n\t\t\t\t\t\t<div class=\"elementor-element elementor-element-ece0f65 elementor-drop-cap-yes elementor-drop-cap-view-default elementor-widget elementor-widget-text-editor\" data-id=\"ece0f65\" data-element_type=\"widget\" data-e-type=\"widget\" data-settings=\"{&quot;drop_cap&quot;:&quot;yes&quot;}\" data-widget_type=\"text-editor.default\">\n\t\t\t\t<div class=\"elementor-widget-container\">\n\t\t\t\t\t\t\t\t\t<p>5<strong>Colaboraci\u00f3n:<\/strong> enfrentamos nuestros desaf\u00edos de manera colaborativa, adem\u00e1s fomentamos la asociatividad y colaboraci\u00f3n entre nuestros beneficiarios, clientes y proveedores.<\/p>\t\t\t\t\t\t\t\t<\/div>\n\t\t\t\t<\/div>\n\t\t\t\t\t<\/div>\n\t\t<\/div>\n\t\t\t\t<div class=\"elementor-column elementor-col-33 elementor-inner-column elementor-element elementor-element-af4b5ca\" data-id=\"af4b5ca\" data-element_type=\"column\" data-e-type=\"column\">\n\t\t\t<div class=\"elementor-widget-wrap elementor-element-populated\">\n\t\t\t\t\t\t<div class=\"elementor-element elementor-element-e31f234 elementor-drop-cap-yes elementor-drop-cap-view-default elementor-widget elementor-widget-text-editor\" data-id=\"e31f234\" data-element_type=\"widget\" data-e-type=\"widget\" data-settings=\"{&quot;drop_cap&quot;:&quot;yes&quot;}\" data-widget_type=\"text-editor.default\">\n\t\t\t\t<div class=\"elementor-widget-container\">\n\t\t\t\t\t\t\t\t\t<p>6<strong>Sostenibilidad:<\/strong> promovemos y participamos del desarrollo sostenible del pa\u00eds, la econom\u00eda circular, el emprendimiento socio \u2013 ambiental y conservaci\u00f3n de la naturaleza, en quienes depositen su confianza en nosotros facilitamos que sus propias iniciativas, acciones, y recursos puedan continuar indefinidamente con un proceso de mejoramiento social y ambiental.<\/p>\t\t\t\t\t\t\t\t<\/div>\n\t\t\t\t<\/div>\n\t\t\t\t\t<\/div>\n\t\t<\/div>\n\t\t\t\t<div class=\"elementor-column elementor-col-33 elementor-inner-column elementor-element elementor-element-349cf8f\" data-id=\"349cf8f\" data-element_type=\"column\" data-e-type=\"column\">\n\t\t\t<div class=\"elementor-widget-wrap elementor-element-populated\">\n\t\t\t\t\t\t<div class=\"elementor-element elementor-element-4716792 elementor-drop-cap-yes elementor-drop-cap-view-default elementor-widget elementor-widget-text-editor\" data-id=\"4716792\" data-element_type=\"widget\" data-e-type=\"widget\" data-settings=\"{&quot;drop_cap&quot;:&quot;yes&quot;}\" data-widget_type=\"text-editor.default\">\n\t\t\t\t<div class=\"elementor-widget-container\">\n\t\t\t\t\t\t\t\t\t<p>7<strong>Valoraci\u00f3n de la investigaci\u00f3n:<\/strong> Identificamos y relevamos oportunidades de investigaci\u00f3n y desarrollo de investigaci\u00f3n propia o de manera colaborativa como aporte a la sostenibilidad del pa\u00eds. Buscamos vincular la investigaci\u00f3n y la ciencia con la comunidad en general, especialmente, en ni\u00f1os y j\u00f3venes, como oportunidad de aportar conocimiento, reflexi\u00f3n, el sentido de pertinencia con el territorio y el sentimiento de conservaci\u00f3n de nuestro medio ambiente.<\/p>\t\t\t\t\t\t\t\t<\/div>\n\t\t\t\t<\/div>\n\t\t\t\t\t<\/div>\n\t\t<\/div>\n\t\t\t\t\t<\/div>\n\t\t<\/section>\n\t\t\t\t\t<\/div>\n\t\t<\/div>\n\t\t\t\t\t<\/div>\n\t\t<\/section>\n\t\t\t\t<\/div>\n\t\t","protected":false},"excerpt":{"rendered":"<p class=\"excerpt\">FUNDACI\u00d3N AMBYTER Nuestra Fundaci\u00f3n Corporaci\u00f3n Ambyter nace de la necesidad de generar proyectos al servicio de las comunidades locales, aprovechando nuestra experiencia y vinculaci\u00f3n con las necesidades de diferentes organizaciones y personas que buscan conservar su territorio, adem\u00e1s de aprovechar nuestras diferentes capacidades t\u00e9cnicas para innovar y fortalecer iniciativas de conservaci\u00f3n y eduaci\u00f3n ambiental. Nuestra [&hellip;]<\/p>\n","protected":false},"author":2,"featured_media":0,"parent":0,"menu_order":0,"comment_status":"closed","ping_status":"closed","template":"elementor_header_footer","meta":{"footnotes":""},"class_list":["post-1710","page","type-page","status-publish","hentry"],"aioseo_notices":[],"jetpack_sharing_enabled":true,"_links":{"self":[{"href":"https:\/\/www.ambienteyterritorio.cl\/web\/wp-json\/wp\/v2\/pages\/1710","targetHints":{"allow":["GET"]}}],"collection":[{"href":"https:\/\/www.ambienteyterritorio.cl\/web\/wp-json\/wp\/v2\/pages"}],"about":[{"href":"https:\/\/www.ambienteyterritorio.cl\/web\/wp-json\/wp\/v2\/types\/page"}],"author":[{"embeddable":true,"href":"https:\/\/www.ambienteyterritorio.cl\/web\/wp-json\/wp\/v2\/users\/2"}],"replies":[{"embeddable":true,"href":"https:\/\/www.ambienteyterritorio.cl\/web\/wp-json\/wp\/v2\/comments?post=1710"}],"version-history":[{"count":20,"href":"https:\/\/www.ambienteyterritorio.cl\/web\/wp-json\/wp\/v2\/pages\/1710\/revisions"}],"predecessor-version":[{"id":1976,"href":"https:\/\/www.ambienteyterritorio.cl\/web\/wp-json\/wp\/v2\/pages\/1710\/revisions\/1976"}],"wp:attachment":[{"href":"https:\/\/www.ambienteyterritorio.cl\/web\/wp-json\/wp\/v2\/media?parent=1710"}],"curies":[{"name":"wp","href":"https:\/\/api.w.org\/{rel}","templated":true}]}}