{"id":1792,"date":"2021-04-19T15:57:00","date_gmt":"2021-04-19T18:57:00","guid":{"rendered":"https:\/\/www.ambienteyterritorio.cl\/web\/?page_id=1792"},"modified":"2021-04-20T13:07:14","modified_gmt":"2021-04-20T16:07:14","slug":"consultorias","status":"publish","type":"page","link":"https:\/\/www.ambienteyterritorio.cl\/web\/consultorias\/","title":{"rendered":"Consultor\u00edas"},"content":{"rendered":"\t\t<div data-elementor-type=\"wp-page\" data-elementor-id=\"1792\" class=\"elementor elementor-1792\">\n\t\t\t\t\t\t<section class=\"elementor-section elementor-top-section elementor-element elementor-element-ae9cb71 elementor-section-full_width elementor-section-height-default elementor-section-height-default\" data-id=\"ae9cb71\" data-element_type=\"section\" data-e-type=\"section\" data-settings=\"{&quot;background_background&quot;:&quot;classic&quot;}\">\n\t\t\t\t\t\t<div class=\"elementor-container elementor-column-gap-default\">\n\t\t\t\t\t<div class=\"elementor-column elementor-col-100 elementor-top-column elementor-element elementor-element-5b4b12b\" data-id=\"5b4b12b\" data-element_type=\"column\" data-e-type=\"column\">\n\t\t\t<div class=\"elementor-widget-wrap elementor-element-populated\">\n\t\t\t\t\t\t<section class=\"elementor-section elementor-inner-section elementor-element elementor-element-d3174a4 elementor-section-boxed elementor-section-height-default elementor-section-height-default\" data-id=\"d3174a4\" data-element_type=\"section\" data-e-type=\"section\" data-settings=\"{&quot;background_background&quot;:&quot;classic&quot;}\">\n\t\t\t\t\t\t<div class=\"elementor-container elementor-column-gap-default\">\n\t\t\t\t\t<div class=\"elementor-column elementor-col-50 elementor-inner-column elementor-element elementor-element-6d105fc\" data-id=\"6d105fc\" data-element_type=\"column\" data-e-type=\"column\">\n\t\t\t<div class=\"elementor-widget-wrap elementor-element-populated\">\n\t\t\t\t\t\t<div class=\"elementor-element elementor-element-e808f0a elementor-invisible elementor-widget elementor-widget-text-editor\" data-id=\"e808f0a\" data-element_type=\"widget\" data-e-type=\"widget\" data-settings=\"{&quot;_animation&quot;:&quot;slideInLeft&quot;}\" data-widget_type=\"text-editor.default\">\n\t\t\t\t<div class=\"elementor-widget-container\">\n\t\t\t\t\t\t\t\t\t<p>\u00c1rea de Desarrollo<\/p>\t\t\t\t\t\t\t\t<\/div>\n\t\t\t\t<\/div>\n\t\t\t\t<div class=\"elementor-element elementor-element-f28e7ee elementor-invisible elementor-widget elementor-widget-text-editor\" data-id=\"f28e7ee\" data-element_type=\"widget\" data-e-type=\"widget\" data-settings=\"{&quot;_animation&quot;:&quot;slideInLeft&quot;}\" data-widget_type=\"text-editor.default\">\n\t\t\t\t<div class=\"elementor-widget-container\">\n\t\t\t\t\t\t\t\t\t<p>Consultor\u00eda Ambiental<\/p>\t\t\t\t\t\t\t\t<\/div>\n\t\t\t\t<\/div>\n\t\t\t\t<div class=\"elementor-element elementor-element-760aead animated-slow elementor-invisible elementor-widget elementor-widget-text-editor\" data-id=\"760aead\" data-element_type=\"widget\" data-e-type=\"widget\" data-settings=\"{&quot;_animation&quot;:&quot;slideInLeft&quot;}\" data-widget_type=\"text-editor.default\">\n\t\t\t\t<div class=\"elementor-widget-container\">\n\t\t\t\t\t\t\t\t\t<p>Contamos con profesionales de diferentes \u00e1reas que den respuesta a las m\u00faltiples necesidades de tramitaci\u00f3n y proyecci\u00f3n de inversiones ambientales. Como por ejemplo, Declaraciones y Estudios de Impacto Ambiental, estudios de ruidos, arqueol\u00f3gicos, viales, de ingenier\u00eda, o manejo de residuos. Entre otros.<\/p>\t\t\t\t\t\t\t\t<\/div>\n\t\t\t\t<\/div>\n\t\t\t\t\t<\/div>\n\t\t<\/div>\n\t\t\t\t<div class=\"elementor-column elementor-col-50 elementor-inner-column elementor-element elementor-element-4b7f6b9\" data-id=\"4b7f6b9\" data-element_type=\"column\" data-e-type=\"column\">\n\t\t\t<div class=\"elementor-widget-wrap\">\n\t\t\t\t\t\t\t<\/div>\n\t\t<\/div>\n\t\t\t\t\t<\/div>\n\t\t<\/section>\n\t\t\t\t\t<\/div>\n\t\t<\/div>\n\t\t\t\t\t<\/div>\n\t\t<\/section>\n\t\t\t\t<section class=\"elementor-section elementor-top-section elementor-element elementor-element-8aa0d66 elementor-section-full_width elementor-section-height-default elementor-section-height-default\" data-id=\"8aa0d66\" data-element_type=\"section\" data-e-type=\"section\" data-settings=\"{&quot;background_background&quot;:&quot;classic&quot;}\">\n\t\t\t\t\t\t<div class=\"elementor-container elementor-column-gap-default\">\n\t\t\t\t\t<div class=\"elementor-column elementor-col-50 elementor-top-column elementor-element elementor-element-35e4986\" data-id=\"35e4986\" data-element_type=\"column\" data-e-type=\"column\">\n\t\t\t<div class=\"elementor-widget-wrap elementor-element-populated\">\n\t\t\t\t\t\t<div class=\"elementor-element elementor-element-e5ae56b elementor-widget elementor-widget-text-editor\" data-id=\"e5ae56b\" data-element_type=\"widget\" data-e-type=\"widget\" data-widget_type=\"text-editor.default\">\n\t\t\t\t<div class=\"elementor-widget-container\">\n\t\t\t\t\t\t\t\t\t<p>1. Formulaci\u00f3n y tramitaci\u00f3n de Declaraci\u00f3n y Estudios de Impacto Ambiental.<\/p>\t\t\t\t\t\t\t\t<\/div>\n\t\t\t\t<\/div>\n\t\t\t\t<div class=\"elementor-element elementor-element-cad9ac7 elementor-widget elementor-widget-text-editor\" data-id=\"cad9ac7\" data-element_type=\"widget\" data-e-type=\"widget\" data-widget_type=\"text-editor.default\">\n\t\t\t\t<div class=\"elementor-widget-container\">\n\t\t\t\t\t\t\t\t\t<p>2. Elaboraci\u00f3n l\u00edneas base ambientales: flora, fauna, ruidos, paisaje, medio humano, prospecci\u00f3n arqueol\u00f3gica; Estudios viales, de suelo, hidrobiol\u00f3gicos y forestales.<\/p>\t\t\t\t\t\t\t\t<\/div>\n\t\t\t\t<\/div>\n\t\t\t\t<div class=\"elementor-element elementor-element-032b292 elementor-widget elementor-widget-text-editor\" data-id=\"032b292\" data-element_type=\"widget\" data-e-type=\"widget\" data-widget_type=\"text-editor.default\">\n\t\t\t\t<div class=\"elementor-widget-container\">\n\t\t\t\t\t\t\t\t\t<p>3. Implementaci\u00f3n de estrategias ambientales:<br \/>&#8211; Implementaci\u00f3n Ley REP, y Plan estrat\u00e9gico de residuos s\u00f3lidos.<br \/>&#8211; Obtenci\u00f3n certificaciones de calidad y ambientales en turismo. <br \/>Certificaci\u00f3n S.<br \/>&#8211; Certificaci\u00f3n ambiental de establecimientos educacionales.<br \/>&#8211; Implementaci\u00f3n de estrategias de RSE, y vinculaci\u00f3n con comunidades.<\/p>\t\t\t\t\t\t\t\t<\/div>\n\t\t\t\t<\/div>\n\t\t\t\t<div class=\"elementor-element elementor-element-b9bc1dc elementor-widget elementor-widget-text-editor\" data-id=\"b9bc1dc\" data-element_type=\"widget\" data-e-type=\"widget\" data-widget_type=\"text-editor.default\">\n\t\t\t\t<div class=\"elementor-widget-container\">\n\t\t\t\t\t\t\t\t\t<p>4. \u00c1rea turismo: auditor\u00eda y estudios de eficiencia energ\u00e9tica; asesor\u00eda de <br \/>auto- diagn\u00f3stico y obtenci\u00f3n Sello S de Sernatur.<\/p>\t\t\t\t\t\t\t\t<\/div>\n\t\t\t\t<\/div>\n\t\t\t\t\t<\/div>\n\t\t<\/div>\n\t\t\t\t<div class=\"elementor-column elementor-col-50 elementor-top-column elementor-element elementor-element-2deb283\" data-id=\"2deb283\" data-element_type=\"column\" data-e-type=\"column\">\n\t\t\t<div class=\"elementor-widget-wrap elementor-element-populated\">\n\t\t\t\t\t\t<div class=\"elementor-element elementor-element-11c7182 elementor-widget elementor-widget-text-editor\" data-id=\"11c7182\" data-element_type=\"widget\" data-e-type=\"widget\" data-widget_type=\"text-editor.default\">\n\t\t\t\t<div class=\"elementor-widget-container\">\n\t\t\t\t\t\t\t\t\t<p>5. Tr\u00e1mites ambientales: cambio de uso de suelo, derechos de agua, procesos de participaci\u00f3n ciudadana, consulta ind\u00edgena, pertinencia ambiental, <br \/>asesor\u00eda en procesos sancionatorios de la Superintendencia de Medio Ambiente.<\/p>\t\t\t\t\t\t\t\t<\/div>\n\t\t\t\t<\/div>\n\t\t\t\t<div class=\"elementor-element elementor-element-7617e14 elementor-widget elementor-widget-text-editor\" data-id=\"7617e14\" data-element_type=\"widget\" data-e-type=\"widget\" data-widget_type=\"text-editor.default\">\n\t\t\t\t<div class=\"elementor-widget-container\">\n\t\t\t\t\t\t\t\t\t<p>6. Seguimiento ambiental: auditor\u00edas e implementaci\u00f3n de RCA; Elaboraci\u00f3n y Ejecuci\u00f3n de Programas de Vigilancia Ambiental (PVA); Estudios de Seguimiento para Planes de <br \/>Cumplimiento Ambiental seg\u00fan resoluci\u00f3n de Superintendencia del Medio Ambiente (SMA).<\/p>\t\t\t\t\t\t\t\t<\/div>\n\t\t\t\t<\/div>\n\t\t\t\t<div class=\"elementor-element elementor-element-8065206 elementor-widget elementor-widget-text-editor\" data-id=\"8065206\" data-element_type=\"widget\" data-e-type=\"widget\" data-widget_type=\"text-editor.default\">\n\t\t\t\t<div class=\"elementor-widget-container\">\n\t\t\t\t\t\t\t\t\t<p>7. Capacitaci\u00f3n Ambiental, con certificaci\u00f3n oficial entregada por OTEC: tem\u00e1ticas RETC, Ley REP, turismo y educaci\u00f3n ambiental. Otras seg\u00fan necesidades del cliente.<\/p>\t\t\t\t\t\t\t\t<\/div>\n\t\t\t\t<\/div>\n\t\t\t\t\t<\/div>\n\t\t<\/div>\n\t\t\t\t\t<\/div>\n\t\t<\/section>\n\t\t\t\t<section class=\"elementor-section elementor-top-section elementor-element elementor-element-2528db0 elementor-section-boxed elementor-section-height-default elementor-section-height-default\" data-id=\"2528db0\" data-element_type=\"section\" data-e-type=\"section\">\n\t\t\t\t\t\t<div class=\"elementor-container elementor-column-gap-default\">\n\t\t\t\t\t<div class=\"elementor-column elementor-col-100 elementor-top-column elementor-element elementor-element-6ee886d\" data-id=\"6ee886d\" data-element_type=\"column\" data-e-type=\"column\">\n\t\t\t<div class=\"elementor-widget-wrap elementor-element-populated\">\n\t\t\t\t\t\t<div class=\"elementor-element elementor-element-7dfabba elementor-widget elementor-widget-text-editor\" data-id=\"7dfabba\" data-element_type=\"widget\" data-e-type=\"widget\" data-widget_type=\"text-editor.default\">\n\t\t\t\t<div class=\"elementor-widget-container\">\n\t\t\t\t\t\t\t\t\tAlgunas organizaciones que hemos asesorado en diversas consultor\u00edas y tr\u00e1mites ambientales desde el a\u00f1o 2016:\t\t\t\t\t\t\t\t<\/div>\n\t\t\t\t<\/div>\n\t\t\t\t<section class=\"elementor-section elementor-inner-section elementor-element elementor-element-9ec9169 elementor-section-boxed elementor-section-height-default elementor-section-height-default\" data-id=\"9ec9169\" data-element_type=\"section\" data-e-type=\"section\">\n\t\t\t\t\t\t<div class=\"elementor-container elementor-column-gap-default\">\n\t\t\t\t\t<div class=\"elementor-column elementor-col-25 elementor-inner-column elementor-element elementor-element-30ad0b0\" data-id=\"30ad0b0\" data-element_type=\"column\" data-e-type=\"column\">\n\t\t\t<div class=\"elementor-widget-wrap elementor-element-populated\">\n\t\t\t\t\t\t<div class=\"elementor-element elementor-element-4f3a18c elementor-widget elementor-widget-text-editor\" data-id=\"4f3a18c\" data-element_type=\"widget\" data-e-type=\"widget\" data-widget_type=\"text-editor.default\">\n\t\t\t\t<div class=\"elementor-widget-container\">\n\t\t\t\t\t\t\t\t\t<p><span style=\"font-weight: 400;\">Industrias Valle Verde S.A<\/span><\/p><p><span style=\"font-weight: 400;\"> Consorcio Puente Chacao S.A.\u00a0<\/span><\/p><p><span style=\"font-weight: 400;\"> Constructora Patagonia<\/span><\/p>\t\t\t\t\t\t\t\t<\/div>\n\t\t\t\t<\/div>\n\t\t\t\t\t<\/div>\n\t\t<\/div>\n\t\t\t\t<div class=\"elementor-column elementor-col-25 elementor-inner-column elementor-element elementor-element-d8f47d1\" data-id=\"d8f47d1\" data-element_type=\"column\" data-e-type=\"column\">\n\t\t\t<div class=\"elementor-widget-wrap elementor-element-populated\">\n\t\t\t\t\t\t<div class=\"elementor-element elementor-element-b688598 elementor-widget elementor-widget-text-editor\" data-id=\"b688598\" data-element_type=\"widget\" data-e-type=\"widget\" data-widget_type=\"text-editor.default\">\n\t\t\t\t<div class=\"elementor-widget-container\">\n\t\t\t\t\t\t\t\t\t<p><span style=\"font-weight: 400;\"> Cetecsal<\/span><\/p><p><span style=\"font-weight: 400;\">Salmofood<\/span><\/p><p><span style=\"font-weight: 400;\">Salmones Camanchaca S.A;<\/span><\/p>\t\t\t\t\t\t\t\t<\/div>\n\t\t\t\t<\/div>\n\t\t\t\t\t<\/div>\n\t\t<\/div>\n\t\t\t\t<div class=\"elementor-column elementor-col-25 elementor-inner-column elementor-element elementor-element-c112c4d\" data-id=\"c112c4d\" data-element_type=\"column\" data-e-type=\"column\">\n\t\t\t<div class=\"elementor-widget-wrap elementor-element-populated\">\n\t\t\t\t\t\t<div class=\"elementor-element elementor-element-fb5c8ab elementor-widget elementor-widget-text-editor\" data-id=\"fb5c8ab\" data-element_type=\"widget\" data-e-type=\"widget\" data-widget_type=\"text-editor.default\">\n\t\t\t\t<div class=\"elementor-widget-container\">\n\t\t\t\t\t\t\t\t\t<p><span style=\"font-weight: 400;\">Consultora SGA<\/span><\/p><p><span style=\"font-weight: 400;\">Multiexport foods<\/span><\/p><p><span style=\"font-weight: 400;\">I. Municipalidad de Purranque<\/span><\/p>\t\t\t\t\t\t\t\t<\/div>\n\t\t\t\t<\/div>\n\t\t\t\t\t<\/div>\n\t\t<\/div>\n\t\t\t\t<div class=\"elementor-column elementor-col-25 elementor-inner-column elementor-element elementor-element-92ed940\" data-id=\"92ed940\" data-element_type=\"column\" data-e-type=\"column\">\n\t\t\t<div class=\"elementor-widget-wrap elementor-element-populated\">\n\t\t\t\t\t\t<div class=\"elementor-element elementor-element-fd0999b elementor-widget elementor-widget-text-editor\" data-id=\"fd0999b\" data-element_type=\"widget\" data-e-type=\"widget\" data-widget_type=\"text-editor.default\">\n\t\t\t\t<div class=\"elementor-widget-container\">\n\t\t\t\t\t\t\t\t\t<p><span style=\"font-weight: 400;\">Claro S.A<\/span><\/p><p><span style=\"font-weight: 400;\">Millahue Ingenier\u00eda<\/span><\/p><p><span style=\"font-weight: 400;\">L\u00e1cteos Turismo Playa Venado, entre otros.<\/span><\/p>\t\t\t\t\t\t\t\t<\/div>\n\t\t\t\t<\/div>\n\t\t\t\t\t<\/div>\n\t\t<\/div>\n\t\t\t\t\t<\/div>\n\t\t<\/section>\n\t\t\t\t\t<\/div>\n\t\t<\/div>\n\t\t\t\t\t<\/div>\n\t\t<\/section>\n\t\t\t\t<\/div>\n\t\t","protected":false},"excerpt":{"rendered":"<p class=\"excerpt\">\u00c1rea de Desarrollo Consultor\u00eda Ambiental Contamos con profesionales de diferentes \u00e1reas que den respuesta a las m\u00faltiples necesidades de tramitaci\u00f3n y proyecci\u00f3n de inversiones ambientales. Como por ejemplo, Declaraciones y Estudios de Impacto Ambiental, estudios de ruidos, arqueol\u00f3gicos, viales, de ingenier\u00eda, o manejo de residuos. Entre otros. 1. Formulaci\u00f3n y tramitaci\u00f3n de Declaraci\u00f3n y Estudios [&hellip;]<\/p>\n","protected":false},"author":2,"featured_media":0,"parent":0,"menu_order":0,"comment_status":"closed","ping_status":"closed","template":"elementor_header_footer","meta":{"footnotes":""},"class_list":["post-1792","page","type-page","status-publish","hentry"],"aioseo_notices":[],"jetpack_sharing_enabled":true,"_links":{"self":[{"href":"https:\/\/www.ambienteyterritorio.cl\/web\/wp-json\/wp\/v2\/pages\/1792","targetHints":{"allow":["GET"]}}],"collection":[{"href":"https:\/\/www.ambienteyterritorio.cl\/web\/wp-json\/wp\/v2\/pages"}],"about":[{"href":"https:\/\/www.ambienteyterritorio.cl\/web\/wp-json\/wp\/v2\/types\/page"}],"author":[{"embeddable":true,"href":"https:\/\/www.ambienteyterritorio.cl\/web\/wp-json\/wp\/v2\/users\/2"}],"replies":[{"embeddable":true,"href":"https:\/\/www.ambienteyterritorio.cl\/web\/wp-json\/wp\/v2\/comments?post=1792"}],"version-history":[{"count":22,"href":"https:\/\/www.ambienteyterritorio.cl\/web\/wp-json\/wp\/v2\/pages\/1792\/revisions"}],"predecessor-version":[{"id":1870,"href":"https:\/\/www.ambienteyterritorio.cl\/web\/wp-json\/wp\/v2\/pages\/1792\/revisions\/1870"}],"wp:attachment":[{"href":"https:\/\/www.ambienteyterritorio.cl\/web\/wp-json\/wp\/v2\/media?parent=1792"}],"curies":[{"name":"wp","href":"https:\/\/api.w.org\/{rel}","templated":true}]}}